{"id":103,"date":"2013-08-13T15:02:35","date_gmt":"2013-08-13T13:02:35","guid":{"rendered":"http:\/\/kungalvsbilservice.se\/?page_id=103"},"modified":"2013-08-20T14:19:16","modified_gmt":"2013-08-20T12:19:16","slug":"silvertvatt","status":"publish","type":"page","link":"http:\/\/kungalvsbilservice.se\/?page_id=103","title":{"rendered":"Silvertv\u00e4tt"},"content":{"rendered":"<p><span style=\"color: #c0c0c0; font-size: medium;\"><strong><img loading=\"lazy\" decoding=\"async\" alt=\"silvertv\u00e4tt\" src=\"http:\/\/kungalvsbilservice.se\/wp-content\/uploads\/2013\/08\/silv.png\" width=\"283\" height=\"50\" \/><\/strong><\/span><\/p>\n<p><span style=\"color: #ffffff; font-size: medium;\"><strong>Avfettning och kallavfettning<\/strong><\/span><br \/>\n<span style=\"color: #ffffff; font-size: medium;\"> <strong>Schampo och handtv\u00e4tt<\/strong><\/span><br \/>\n<span style=\"color: #ffffff; font-size: medium;\"> <strong>Reng\u00f6ring av melland\u00f6rrkanterna<\/strong><\/span><br \/>\n<span style=\"color: #ffffff; font-size: medium;\"> <strong>F\u00e4lgtv\u00e4tt<\/strong><\/span><br \/>\n<span style=\"color: #ffffff; font-size: medium;\"> <strong>Inv\u00e4ndig damsugning<\/strong><\/span><br \/>\n<span style=\"color: #ffffff; font-size: medium;\"> <strong>Avspolning av plastmattor<\/strong><\/span><\/p>\n<p><span style=\"color: #800000; font-size: medium;\"><strong>PRIS 250 kr <\/strong><\/span><\/p>\n","protected":false},"excerpt":{"rendered":"<p>Avfettning och kallavfettning Schampo och handtv\u00e4tt Reng\u00f6ring av melland\u00f6rrkanterna F\u00e4lgtv\u00e4tt Inv\u00e4ndig damsugning Avspolning av plastmattor PRIS 250 kr<\/p>\n","protected":false},"author":1,"featured_media":0,"parent":6,"menu_order":2,"comment_status":"closed","ping_status":"closed","template":"","meta":{"footnotes":""},"class_list":["post-103","page","type-page","status-publish","hentry"],"_links":{"self":[{"href":"http:\/\/kungalvsbilservice.se\/index.php?rest_route=\/wp\/v2\/pages\/103","targetHints":{"allow":["GET"]}}],"collection":[{"href":"http:\/\/kungalvsbilservice.se\/index.php?rest_route=\/wp\/v2\/pages"}],"about":[{"href":"http:\/\/kungalvsbilservice.se\/index.php?rest_route=\/wp\/v2\/types\/page"}],"author":[{"embeddable":true,"href":"http:\/\/kungalvsbilservice.se\/index.php?rest_route=\/wp\/v2\/users\/1"}],"replies":[{"embeddable":true,"href":"http:\/\/kungalvsbilservice.se\/index.php?rest_route=%2Fwp%2Fv2%2Fcomments&post=103"}],"version-history":[{"count":18,"href":"http:\/\/kungalvsbilservice.se\/index.php?rest_route=\/wp\/v2\/pages\/103\/revisions"}],"predecessor-version":[{"id":686,"href":"http:\/\/kungalvsbilservice.se\/index.php?rest_route=\/wp\/v2\/pages\/103\/revisions\/686"}],"up":[{"embeddable":true,"href":"http:\/\/kungalvsbilservice.se\/index.php?rest_route=\/wp\/v2\/pages\/6"}],"wp:attachment":[{"href":"http:\/\/kungalvsbilservice.se\/index.php?rest_route=%2Fwp%2Fv2%2Fmedia&parent=103"}],"curies":[{"name":"wp","href":"https:\/\/api.w.org\/{rel}","templated":true}]}}