{"id":107,"date":"2013-08-13T15:03:32","date_gmt":"2013-08-13T13:03:32","guid":{"rendered":"http:\/\/kungalvsbilservice.se\/?page_id=107"},"modified":"2013-08-21T13:56:28","modified_gmt":"2013-08-21T11:56:28","slug":"supertvatt","status":"publish","type":"page","link":"http:\/\/kungalvsbilservice.se\/?page_id=107","title":{"rendered":"Supertv\u00e4tt"},"content":{"rendered":"<p><span style=\"font-size: medium;\"><img loading=\"lazy\" decoding=\"async\" alt=\"supertv\u00e4tt\" src=\"http:\/\/kungalvsbilservice.se\/wp-content\/uploads\/2013\/08\/supr.png\" width=\"283\" height=\"50\" \/><\/span><\/p>\n<p><span style=\"font-size: medium;\">\u00a0<\/span><span style=\"color: #ffffff; font-size: medium;\"><strong>Avfettning och kallavfettning<\/strong><\/span><br \/>\n<span style=\"color: #ffffff; font-size: medium;\"> <strong>Schamponering<\/strong><\/span><br \/>\n<span style=\"color: #ffffff; font-size: medium;\"> <strong>Torkning<\/strong><\/span><br \/>\n<span style=\"color: #ffffff; font-size: medium;\"> <strong>Damsugning + spolning av plastmattor<\/strong><\/span><br \/>\n<span style=\"color: #ffffff; font-size: medium;\"> <strong>Reng\u00f6ring av paneler<\/strong><\/span><br \/>\n<span style=\"color: #ffffff; font-size: medium;\"> <strong>F\u00f6nstertv\u00e4tt<\/strong><\/span><br \/>\n<span style=\"color: #ffffff; font-size: medium;\"> <strong>Reng\u00f6ring av melland\u00f6rr kanterna<\/strong><\/span><br \/>\n<span style=\"color: #ffffff; font-size: medium;\"> <strong>Reng\u00f6ring av f\u00e4lgar<\/strong><\/span><\/p>\n<p><span style=\"color: #800000; font-size: medium;\"><strong>PRIS FR\u00c5N 370 kr <\/strong><\/span><\/p>\n","protected":false},"excerpt":{"rendered":"<p>\u00a0Avfettning och kallavfettning Schamponering Torkning Damsugning + spolning av plastmattor Reng\u00f6ring av paneler F\u00f6nstertv\u00e4tt Reng\u00f6ring av melland\u00f6rr kanterna Reng\u00f6ring av f\u00e4lgar PRIS FR\u00c5N 370 kr<\/p>\n","protected":false},"author":1,"featured_media":0,"parent":6,"menu_order":3,"comment_status":"closed","ping_status":"closed","template":"","meta":{"footnotes":""},"class_list":["post-107","page","type-page","status-publish","hentry"],"_links":{"self":[{"href":"http:\/\/kungalvsbilservice.se\/index.php?rest_route=\/wp\/v2\/pages\/107","targetHints":{"allow":["GET"]}}],"collection":[{"href":"http:\/\/kungalvsbilservice.se\/index.php?rest_route=\/wp\/v2\/pages"}],"about":[{"href":"http:\/\/kungalvsbilservice.se\/index.php?rest_route=\/wp\/v2\/types\/page"}],"author":[{"embeddable":true,"href":"http:\/\/kungalvsbilservice.se\/index.php?rest_route=\/wp\/v2\/users\/1"}],"replies":[{"embeddable":true,"href":"http:\/\/kungalvsbilservice.se\/index.php?rest_route=%2Fwp%2Fv2%2Fcomments&post=107"}],"version-history":[{"count":12,"href":"http:\/\/kungalvsbilservice.se\/index.php?rest_route=\/wp\/v2\/pages\/107\/revisions"}],"predecessor-version":[{"id":717,"href":"http:\/\/kungalvsbilservice.se\/index.php?rest_route=\/wp\/v2\/pages\/107\/revisions\/717"}],"up":[{"embeddable":true,"href":"http:\/\/kungalvsbilservice.se\/index.php?rest_route=\/wp\/v2\/pages\/6"}],"wp:attachment":[{"href":"http:\/\/kungalvsbilservice.se\/index.php?rest_route=%2Fwp%2Fv2%2Fmedia&parent=107"}],"curies":[{"name":"wp","href":"https:\/\/api.w.org\/{rel}","templated":true}]}}