{"id":115,"date":"2013-08-13T15:06:38","date_gmt":"2013-08-13T13:06:38","guid":{"rendered":"http:\/\/kungalvsbilservice.se\/?page_id=115"},"modified":"2013-08-20T14:20:02","modified_gmt":"2013-08-20T12:20:02","slug":"mini-rekond","status":"publish","type":"page","link":"http:\/\/kungalvsbilservice.se\/?page_id=115","title":{"rendered":"Mini Rekond"},"content":{"rendered":"<p><span style=\"color: #c0c0c0; font-size: medium;\"><strong><img loading=\"lazy\" decoding=\"async\" alt=\"mini rekond\" src=\"http:\/\/kungalvsbilservice.se\/wp-content\/uploads\/2013\/08\/minir.png\" width=\"283\" height=\"50\" \/><\/strong><\/span><\/p>\n<p><span style=\"color: #ffffff; font-size: medium;\"><strong>Utv\u00e4ndig handtv\u00e4tt + dammsugning<\/strong><\/span><br \/>\n<span style=\"color: #ffffff; font-size: medium;\"> <strong>F\u00f6nsterputs + dammtorkning<\/strong><\/span><br \/>\n<span style=\"color: #ffffff; font-size: medium;\"> <strong>Reng\u00f6ring av alla plastytor<\/strong><\/span><br \/>\n<span style=\"color: #ffffff; font-size: medium;\"> <strong>Reng\u00f6ring av alla d\u00f6rrfalsar + putsa alla rutor och d\u00f6rrar<\/strong><\/span><br \/>\n<span style=\"color: #ffffff; font-size: medium;\"> <strong>Reng\u00f6ring av bagageutrymme<\/strong><\/span><\/p>\n<p><span style=\"color: #800000; font-size: medium;\"><strong>PRIS 799 kr<\/strong><\/span><br \/>\n<span style=\"color: #800000; font-size: medium;\"> <strong> Extra till\u00e4gg: vaxskydd i 4 m\u00e5nader, 200 kr<\/strong><\/span><br \/>\n<span style=\"color: #800000; font-size: medium;\"> <strong> * Priserna kan h\u00f6jas efter bilens storlek och skick.<\/strong><\/span><\/p>\n","protected":false},"excerpt":{"rendered":"<p>Utv\u00e4ndig handtv\u00e4tt + dammsugning F\u00f6nsterputs + dammtorkning Reng\u00f6ring av alla plastytor Reng\u00f6ring av alla d\u00f6rrfalsar + putsa alla rutor och d\u00f6rrar Reng\u00f6ring av bagageutrymme PRIS 799 kr Extra till\u00e4gg: vaxskydd i 4 m\u00e5nader, 200 kr * Priserna kan h\u00f6jas efter &hellip; <a href=\"http:\/\/kungalvsbilservice.se\/?page_id=115\">Forts\u00e4tt l\u00e4sa <span class=\"meta-nav\">&rarr;<\/span><\/a><\/p>\n","protected":false},"author":1,"featured_media":0,"parent":6,"menu_order":5,"comment_status":"closed","ping_status":"closed","template":"","meta":{"footnotes":""},"class_list":["post-115","page","type-page","status-publish","hentry"],"_links":{"self":[{"href":"http:\/\/kungalvsbilservice.se\/index.php?rest_route=\/wp\/v2\/pages\/115","targetHints":{"allow":["GET"]}}],"collection":[{"href":"http:\/\/kungalvsbilservice.se\/index.php?rest_route=\/wp\/v2\/pages"}],"about":[{"href":"http:\/\/kungalvsbilservice.se\/index.php?rest_route=\/wp\/v2\/types\/page"}],"author":[{"embeddable":true,"href":"http:\/\/kungalvsbilservice.se\/index.php?rest_route=\/wp\/v2\/users\/1"}],"replies":[{"embeddable":true,"href":"http:\/\/kungalvsbilservice.se\/index.php?rest_route=%2Fwp%2Fv2%2Fcomments&post=115"}],"version-history":[{"count":10,"href":"http:\/\/kungalvsbilservice.se\/index.php?rest_route=\/wp\/v2\/pages\/115\/revisions"}],"predecessor-version":[{"id":689,"href":"http:\/\/kungalvsbilservice.se\/index.php?rest_route=\/wp\/v2\/pages\/115\/revisions\/689"}],"up":[{"embeddable":true,"href":"http:\/\/kungalvsbilservice.se\/index.php?rest_route=\/wp\/v2\/pages\/6"}],"wp:attachment":[{"href":"http:\/\/kungalvsbilservice.se\/index.php?rest_route=%2Fwp%2Fv2%2Fmedia&parent=115"}],"curies":[{"name":"wp","href":"https:\/\/api.w.org\/{rel}","templated":true}]}}