{"id":119,"date":"2013-08-13T15:09:44","date_gmt":"2013-08-13T13:09:44","guid":{"rendered":"http:\/\/kungalvsbilservice.se\/?page_id=119"},"modified":"2013-08-20T14:20:20","modified_gmt":"2013-08-20T12:20:20","slug":"minirekond-extra","status":"publish","type":"page","link":"http:\/\/kungalvsbilservice.se\/?page_id=119","title":{"rendered":"Minirekond Extra"},"content":{"rendered":"<p><span style=\"font-size: medium;\"><img loading=\"lazy\" decoding=\"async\" alt=\"minirekond extra\" src=\"http:\/\/kungalvsbilservice.se\/wp-content\/uploads\/2013\/08\/minirx.png\" width=\"283\" height=\"50\" \/><\/span><\/p>\n<p><span style=\"color: #ffffff; font-size: medium;\"><strong>Utv\u00e4ndig handtv\u00e4tt<\/strong><\/span><br \/>\n<span style=\"color: #ffffff; font-size: medium;\"> <strong>Utv\u00e4ndig handtv\u00e4tt + dammsugning<\/strong><\/span><br \/>\n<span style=\"color: #ffffff; font-size: medium;\"> <strong>F\u00f6nsterputs + dammtorkning<\/strong><\/span><br \/>\n<span style=\"color: #ffffff; font-size: medium;\"> <strong>Reng\u00f6ring av alla plastytor<\/strong><\/span><br \/>\n<span style=\"color: #ffffff; font-size: medium;\"> <strong>Reng\u00f6ring av alla d\u00f6rrfalsar + putsa alla rutor och d\u00f6rrar<\/strong><\/span><br \/>\n<span style=\"color: #ffffff; font-size: medium;\"> <strong>Asfaltborttagning<\/strong><\/span><br \/>\n<span style=\"color: #ffffff; font-size: medium;\"> <strong>Reng\u00f6ring av bagageutrymme<\/strong><\/span><\/p>\n<p><span style=\"color: #800000; font-size: medium;\"><strong>PRIS 1300 kr<\/strong><\/span><br \/>\n<span style=\"color: #800000; font-size: medium;\"> <strong> Extra till\u00e4gg: vaxskydd i 4 m\u00e5nader, 200 kr<\/strong><\/span><\/p>\n<p><span style=\"color: #ffffff; font-size: medium;\"><strong>Vid val av Minirekond Extra blir bilens inv\u00e4ndiga milj\u00f6 en h\u00e4lsosam och trivsam plats att vistas i. Detta \u00e4r m\u00f6jligt d\u00e5 vi anv\u00e4nder oss av \u00e5nga och andra naturliga arbetsmetoder som eliminerar bakterier och andra o\u00f6nskade partiklar som kan framkalla allergi etc.<\/strong><\/span><\/p>\n","protected":false},"excerpt":{"rendered":"<p>Utv\u00e4ndig handtv\u00e4tt Utv\u00e4ndig handtv\u00e4tt + dammsugning F\u00f6nsterputs + dammtorkning Reng\u00f6ring av alla plastytor Reng\u00f6ring av alla d\u00f6rrfalsar + putsa alla rutor och d\u00f6rrar Asfaltborttagning Reng\u00f6ring av bagageutrymme PRIS 1300 kr Extra till\u00e4gg: vaxskydd i 4 m\u00e5nader, 200 kr Vid val &hellip; <a href=\"http:\/\/kungalvsbilservice.se\/?page_id=119\">Forts\u00e4tt l\u00e4sa <span class=\"meta-nav\">&rarr;<\/span><\/a><\/p>\n","protected":false},"author":1,"featured_media":0,"parent":6,"menu_order":6,"comment_status":"closed","ping_status":"closed","template":"","meta":{"footnotes":""},"class_list":["post-119","page","type-page","status-publish","hentry"],"_links":{"self":[{"href":"http:\/\/kungalvsbilservice.se\/index.php?rest_route=\/wp\/v2\/pages\/119","targetHints":{"allow":["GET"]}}],"collection":[{"href":"http:\/\/kungalvsbilservice.se\/index.php?rest_route=\/wp\/v2\/pages"}],"about":[{"href":"http:\/\/kungalvsbilservice.se\/index.php?rest_route=\/wp\/v2\/types\/page"}],"author":[{"embeddable":true,"href":"http:\/\/kungalvsbilservice.se\/index.php?rest_route=\/wp\/v2\/users\/1"}],"replies":[{"embeddable":true,"href":"http:\/\/kungalvsbilservice.se\/index.php?rest_route=%2Fwp%2Fv2%2Fcomments&post=119"}],"version-history":[{"count":12,"href":"http:\/\/kungalvsbilservice.se\/index.php?rest_route=\/wp\/v2\/pages\/119\/revisions"}],"predecessor-version":[{"id":690,"href":"http:\/\/kungalvsbilservice.se\/index.php?rest_route=\/wp\/v2\/pages\/119\/revisions\/690"}],"up":[{"embeddable":true,"href":"http:\/\/kungalvsbilservice.se\/index.php?rest_route=\/wp\/v2\/pages\/6"}],"wp:attachment":[{"href":"http:\/\/kungalvsbilservice.se\/index.php?rest_route=%2Fwp%2Fv2%2Fmedia&parent=119"}],"curies":[{"name":"wp","href":"https:\/\/api.w.org\/{rel}","templated":true}]}}