{"id":142,"date":"2013-08-13T15:18:25","date_gmt":"2013-08-13T13:18:25","guid":{"rendered":"http:\/\/kungalvsbilservice.se\/?page_id=142"},"modified":"2013-08-20T14:21:24","modified_gmt":"2013-08-20T12:21:24","slug":"helrekond","status":"publish","type":"page","link":"http:\/\/kungalvsbilservice.se\/?page_id=142","title":{"rendered":"Helrekond"},"content":{"rendered":"<p><span style=\"color: #c0c0c0; font-size: medium;\"><strong><img loading=\"lazy\" decoding=\"async\" alt=\"helrekond\" src=\"http:\/\/kungalvsbilservice.se\/wp-content\/uploads\/2013\/08\/helr.png\" width=\"283\" height=\"50\" \/><\/strong><\/span><\/p>\n<p><span style=\"color: #ffffff; font-size: medium;\"><strong>Supertv\u00e4tt EXTRA<\/strong><\/span><br \/>\n<span style=\"color: #ffffff; font-size: medium;\"> <strong>Motortv\u00e4tt<\/strong><\/span><br \/>\n<span style=\"color: #ffffff; font-size: medium;\"> <strong>Polering och vaxning<\/strong><\/span><\/p>\n<p><span style=\"color: #800000; font-size: medium;\"><strong>PRIS 1600 kr<\/strong><\/span><br \/>\n<span style=\"color: #ff0000; font-size: medium;\"> <strong><span style=\"color: #800000;\">*Priset kan \u00e4ndras efter bilens storlek och skick<\/span> <\/strong><\/span><\/p>\n","protected":false},"excerpt":{"rendered":"<p>Supertv\u00e4tt EXTRA Motortv\u00e4tt Polering och vaxning PRIS 1600 kr *Priset kan \u00e4ndras efter bilens storlek och skick<\/p>\n","protected":false},"author":1,"featured_media":0,"parent":6,"menu_order":10,"comment_status":"closed","ping_status":"closed","template":"","meta":{"footnotes":""},"class_list":["post-142","page","type-page","status-publish","hentry"],"_links":{"self":[{"href":"http:\/\/kungalvsbilservice.se\/index.php?rest_route=\/wp\/v2\/pages\/142","targetHints":{"allow":["GET"]}}],"collection":[{"href":"http:\/\/kungalvsbilservice.se\/index.php?rest_route=\/wp\/v2\/pages"}],"about":[{"href":"http:\/\/kungalvsbilservice.se\/index.php?rest_route=\/wp\/v2\/types\/page"}],"author":[{"embeddable":true,"href":"http:\/\/kungalvsbilservice.se\/index.php?rest_route=\/wp\/v2\/users\/1"}],"replies":[{"embeddable":true,"href":"http:\/\/kungalvsbilservice.se\/index.php?rest_route=%2Fwp%2Fv2%2Fcomments&post=142"}],"version-history":[{"count":10,"href":"http:\/\/kungalvsbilservice.se\/index.php?rest_route=\/wp\/v2\/pages\/142\/revisions"}],"predecessor-version":[{"id":694,"href":"http:\/\/kungalvsbilservice.se\/index.php?rest_route=\/wp\/v2\/pages\/142\/revisions\/694"}],"up":[{"embeddable":true,"href":"http:\/\/kungalvsbilservice.se\/index.php?rest_route=\/wp\/v2\/pages\/6"}],"wp:attachment":[{"href":"http:\/\/kungalvsbilservice.se\/index.php?rest_route=%2Fwp%2Fv2%2Fmedia&parent=142"}],"curies":[{"name":"wp","href":"https:\/\/api.w.org\/{rel}","templated":true}]}}