{"id":196,"date":"2013-08-13T15:39:23","date_gmt":"2013-08-13T13:39:23","guid":{"rendered":"http:\/\/kungalvsbilservice.se\/?page_id=196"},"modified":"2013-08-20T14:26:36","modified_gmt":"2013-08-20T12:26:36","slug":"dackbyte","status":"publish","type":"page","link":"http:\/\/kungalvsbilservice.se\/?page_id=196","title":{"rendered":"D\u00e4ckskifte"},"content":{"rendered":"<p><span style=\"font-size: medium;\"><img loading=\"lazy\" decoding=\"async\" alt=\"d\u00e4ckbyte\" src=\"http:\/\/kungalvsbilservice.se\/wp-content\/uploads\/2013\/08\/dkbyt.png\" width=\"283\" height=\"50\" \/><\/span><\/p>\n<p><span style=\"color: #ffffff; font-size: medium;\"><strong>Vi hj\u00e4lper dig med ditt d\u00e4ckbyte,<br \/>\nvi ser till att bultarna blir dragna p\u00e5 r\u00e4tt s\u00e4tt,<br \/>\nvi\u00a0ser till att d\u00e4cken f\u00e5r r\u00e4tt lufttryck.<br \/>\nVi f\u00f6rs\u00e4krar oss om att dina d\u00e4ck har r\u00e4tt hastighetsklass och dimension samt ber\u00e4ttar f\u00f6r dig om d\u00e4ckens m\u00f6nsterdjup. Dessutom p\u00e5minner vi dig om att bultarna beh\u00f6ver efterdras \u2013 allt f\u00f6r att du ska k\u00f6ra s\u00e4kert!<\/strong><\/span><\/p>\n<p><span style=\"color: #800000; font-size: medium;\"><strong>PRIS 200 kr<\/strong><\/span><\/p>\n","protected":false},"excerpt":{"rendered":"<p>Vi hj\u00e4lper dig med ditt d\u00e4ckbyte, vi ser till att bultarna blir dragna p\u00e5 r\u00e4tt s\u00e4tt, vi\u00a0ser till att d\u00e4cken f\u00e5r r\u00e4tt lufttryck. Vi f\u00f6rs\u00e4krar oss om att dina d\u00e4ck har r\u00e4tt hastighetsklass och dimension samt ber\u00e4ttar f\u00f6r dig om &hellip; <a href=\"http:\/\/kungalvsbilservice.se\/?page_id=196\">Forts\u00e4tt l\u00e4sa <span class=\"meta-nav\">&rarr;<\/span><\/a><\/p>\n","protected":false},"author":1,"featured_media":0,"parent":4,"menu_order":0,"comment_status":"closed","ping_status":"closed","template":"","meta":{"footnotes":""},"class_list":["post-196","page","type-page","status-publish","hentry"],"_links":{"self":[{"href":"http:\/\/kungalvsbilservice.se\/index.php?rest_route=\/wp\/v2\/pages\/196","targetHints":{"allow":["GET"]}}],"collection":[{"href":"http:\/\/kungalvsbilservice.se\/index.php?rest_route=\/wp\/v2\/pages"}],"about":[{"href":"http:\/\/kungalvsbilservice.se\/index.php?rest_route=\/wp\/v2\/types\/page"}],"author":[{"embeddable":true,"href":"http:\/\/kungalvsbilservice.se\/index.php?rest_route=\/wp\/v2\/users\/1"}],"replies":[{"embeddable":true,"href":"http:\/\/kungalvsbilservice.se\/index.php?rest_route=%2Fwp%2Fv2%2Fcomments&post=196"}],"version-history":[{"count":13,"href":"http:\/\/kungalvsbilservice.se\/index.php?rest_route=\/wp\/v2\/pages\/196\/revisions"}],"predecessor-version":[{"id":707,"href":"http:\/\/kungalvsbilservice.se\/index.php?rest_route=\/wp\/v2\/pages\/196\/revisions\/707"}],"up":[{"embeddable":true,"href":"http:\/\/kungalvsbilservice.se\/index.php?rest_route=\/wp\/v2\/pages\/4"}],"wp:attachment":[{"href":"http:\/\/kungalvsbilservice.se\/index.php?rest_route=%2Fwp%2Fv2%2Fmedia&parent=196"}],"curies":[{"name":"wp","href":"https:\/\/api.w.org\/{rel}","templated":true}]}}