{"id":2,"date":"2013-07-25T10:55:16","date_gmt":"2013-07-25T08:55:16","guid":{"rendered":"http:\/\/kungalvsbilservice.se\/?page_id=2"},"modified":"2013-08-26T09:48:52","modified_gmt":"2013-08-26T07:48:52","slug":"exempelsida","status":"publish","type":"page","link":"http:\/\/kungalvsbilservice.se\/?page_id=2","title":{"rendered":"Om oss"},"content":{"rendered":"<p><img loading=\"lazy\" decoding=\"async\" alt=\"om oss\" src=\"http:\/\/kungalvsbilservice.se\/wp-content\/uploads\/2013\/08\/omoss.png\" width=\"283\" height=\"50\" \/><\/p>\n<p><span style=\"color: #ffffff;\"><strong>Kung\u00e4lvs Bilservice \u00e4r en professionell bilverkstad d\u00e4r allt inom bilv\u00e5rd, d\u00e4ck och service utf\u00f6rs av v\u00e5r erfarna personal. Med hj\u00e4lp av branschens modernaste utr\u00f6stning kan vi alltid erbjuda v\u00e5ra kunder ett professionellt utf\u00f6rt jobb och garantera hundra procentig kvalit\u00e9.<br \/><\/strong><\/span><br \/>\n<span style=\"color: #ffffff;\"><strong>Att tillgodose v\u00e5ra kunders \u00f6nskem\u00e5l och kunna leverera tj\u00e4nster av h\u00f6gsta kvalitet \u00e4r ett av Kung\u00e4lvs Bilservice viktigaste konkurrensmedel. Vi arbetar kontinuerligt f\u00f6r att anamma den senaste tekniken och vidareutbilda v\u00e5r personal f\u00f6r att slutresultatet ska h\u00e5lla h\u00f6gsta standard. V\u00e5ra kunders f\u00f6rv\u00e4ntningar ska alltid uppfyllas och helst \u00f6vertr\u00e4ffas.<br \/><\/strong><\/span><br \/>\n<span style=\"color: #ffffff;\"><strong>Med fokus p\u00e5 milj\u00f6n!<\/strong><\/span><br \/>\n<span style=\"color: #ffffff;\"><strong>Var du \u00e4n tv\u00e4ttar din bil kommer tv\u00e4ttvattnet ut i naturen, direkt eller via reningsverk. Att tv\u00e4tta bilen hemma eller p\u00e5 gatan \u00e4r direkt ol\u00e4mpligt, och i m\u00e5nga kommuner \u00e4r det till och med helt f\u00f6rbjudet.<br \/><\/strong><\/span><br \/>\n<span style=\"color: #ffffff;\"><strong>Hos oss kan du tv\u00e4tta din bil med gott milj\u00f6samvete. Vi har godk\u00e4nda reningssystem kopplade till v\u00e5r tv\u00e4ttanl\u00e4ggning och anv\u00e4nder oss alltid av godk\u00e4nda tv\u00e4tt kemikalier.<\/strong><\/span><\/p>\n","protected":false},"excerpt":{"rendered":"<p>Kung\u00e4lvs Bilservice \u00e4r en professionell bilverkstad d\u00e4r allt inom bilv\u00e5rd, d\u00e4ck och service utf\u00f6rs av v\u00e5r erfarna personal. Med hj\u00e4lp av branschens modernaste utr\u00f6stning kan vi alltid erbjuda v\u00e5ra kunder ett professionellt utf\u00f6rt jobb och garantera hundra procentig kvalit\u00e9. Att &hellip; <a href=\"http:\/\/kungalvsbilservice.se\/?page_id=2\">Forts\u00e4tt l\u00e4sa <span class=\"meta-nav\">&rarr;<\/span><\/a><\/p>\n","protected":false},"author":1,"featured_media":0,"parent":0,"menu_order":0,"comment_status":"closed","ping_status":"closed","template":"","meta":{"footnotes":""},"class_list":["post-2","page","type-page","status-publish","hentry"],"_links":{"self":[{"href":"http:\/\/kungalvsbilservice.se\/index.php?rest_route=\/wp\/v2\/pages\/2","targetHints":{"allow":["GET"]}}],"collection":[{"href":"http:\/\/kungalvsbilservice.se\/index.php?rest_route=\/wp\/v2\/pages"}],"about":[{"href":"http:\/\/kungalvsbilservice.se\/index.php?rest_route=\/wp\/v2\/types\/page"}],"author":[{"embeddable":true,"href":"http:\/\/kungalvsbilservice.se\/index.php?rest_route=\/wp\/v2\/users\/1"}],"replies":[{"embeddable":true,"href":"http:\/\/kungalvsbilservice.se\/index.php?rest_route=%2Fwp%2Fv2%2Fcomments&post=2"}],"version-history":[{"count":16,"href":"http:\/\/kungalvsbilservice.se\/index.php?rest_route=\/wp\/v2\/pages\/2\/revisions"}],"predecessor-version":[{"id":735,"href":"http:\/\/kungalvsbilservice.se\/index.php?rest_route=\/wp\/v2\/pages\/2\/revisions\/735"}],"wp:attachment":[{"href":"http:\/\/kungalvsbilservice.se\/index.php?rest_route=%2Fwp%2Fv2%2Fmedia&parent=2"}],"curies":[{"name":"wp","href":"https:\/\/api.w.org\/{rel}","templated":true}]}}