{"id":204,"date":"2013-08-13T15:42:01","date_gmt":"2013-08-13T13:42:01","guid":{"rendered":"http:\/\/kungalvsbilservice.se\/?page_id=204"},"modified":"2013-08-20T14:27:15","modified_gmt":"2013-08-20T12:27:15","slug":"dackhotell","status":"publish","type":"page","link":"http:\/\/kungalvsbilservice.se\/?page_id=204","title":{"rendered":"D\u00e4ckhotell"},"content":{"rendered":"<p><span style=\"color: #c0c0c0; font-size: medium;\"><strong><img loading=\"lazy\" decoding=\"async\" alt=\"d\u00e4ckhotell\" src=\"http:\/\/kungalvsbilservice.se\/wp-content\/uploads\/2013\/08\/dkhot.png\" width=\"283\" height=\"50\" \/><\/strong><\/span><\/p>\n<p><span style=\"color: #ffffff; font-size: medium;\"><strong>Hos D. Kung\u00e4lvs Bilservice lagras d\u00e4cken svalt, m\u00f6rkt, torrt och nytv\u00e4ttade. Kom in med bilen s\u00e5 sk\u00f6ter vi resten. I samband med d\u00e4ckf\u00f6rvaringen tar vi hand om skifte, reng\u00f6ring och kontroll av dina d\u00e4ck s\u00e5som m\u00f6nsterdjup och lufttryck. Dessutom skickar vi en p\u00e5minnelse n\u00e4r det \u00e4r dags att byta d\u00e4ck.<\/strong><\/span><\/p>\n<p><span style=\"color: #ffffff; font-size: medium;\"><strong>D. Kung\u00e4lvs Bilservices d\u00e4ckhotell ger dig:<\/strong><\/span><\/p>\n<p><span style=\"color: #ffffff; font-size: medium;\"><strong>Professionell f\u00f6rvaring f\u00f6r b\u00e4sta prestanda<\/strong><\/span><br \/>\n<span style=\"color: #ffffff; font-size: medium;\"> <strong>Komplett kontroll (m\u00f6nsterdjup, slitm\u00f6nster, ventiler, f\u00e4lg)<\/strong><\/span><br \/>\n<span style=\"color: #ffffff; font-size: medium;\"> <strong>Reng\u00f6ring av d\u00e4ck och f\u00e4lgar<\/strong><\/span><br \/>\n<span style=\"color: #ffffff; font-size: medium;\"> <strong>P\u00e5minnelse f\u00f6r skifte via brev, sms eller e-post<\/strong><\/span><br \/>\n<span style=\"color: #ffffff; font-size: medium;\"> <strong>Plats- och tidsbesparing<\/strong><\/span><\/p>\n<p><span style=\"font-size: medium;\"><strong><span style=\"color: #800000;\">Pris:\u00a0 650kr\/s\u00e4song<\/span><br \/>\n<\/strong><\/span><\/p>\n","protected":false},"excerpt":{"rendered":"<p>Hos D. Kung\u00e4lvs Bilservice lagras d\u00e4cken svalt, m\u00f6rkt, torrt och nytv\u00e4ttade. Kom in med bilen s\u00e5 sk\u00f6ter vi resten. I samband med d\u00e4ckf\u00f6rvaringen tar vi hand om skifte, reng\u00f6ring och kontroll av dina d\u00e4ck s\u00e5som m\u00f6nsterdjup och lufttryck. Dessutom skickar &hellip; <a href=\"http:\/\/kungalvsbilservice.se\/?page_id=204\">Forts\u00e4tt l\u00e4sa <span class=\"meta-nav\">&rarr;<\/span><\/a><\/p>\n","protected":false},"author":1,"featured_media":0,"parent":4,"menu_order":2,"comment_status":"closed","ping_status":"closed","template":"","meta":{"footnotes":""},"class_list":["post-204","page","type-page","status-publish","hentry"],"_links":{"self":[{"href":"http:\/\/kungalvsbilservice.se\/index.php?rest_route=\/wp\/v2\/pages\/204","targetHints":{"allow":["GET"]}}],"collection":[{"href":"http:\/\/kungalvsbilservice.se\/index.php?rest_route=\/wp\/v2\/pages"}],"about":[{"href":"http:\/\/kungalvsbilservice.se\/index.php?rest_route=\/wp\/v2\/types\/page"}],"author":[{"embeddable":true,"href":"http:\/\/kungalvsbilservice.se\/index.php?rest_route=\/wp\/v2\/users\/1"}],"replies":[{"embeddable":true,"href":"http:\/\/kungalvsbilservice.se\/index.php?rest_route=%2Fwp%2Fv2%2Fcomments&post=204"}],"version-history":[{"count":9,"href":"http:\/\/kungalvsbilservice.se\/index.php?rest_route=\/wp\/v2\/pages\/204\/revisions"}],"predecessor-version":[{"id":709,"href":"http:\/\/kungalvsbilservice.se\/index.php?rest_route=\/wp\/v2\/pages\/204\/revisions\/709"}],"up":[{"embeddable":true,"href":"http:\/\/kungalvsbilservice.se\/index.php?rest_route=\/wp\/v2\/pages\/4"}],"wp:attachment":[{"href":"http:\/\/kungalvsbilservice.se\/index.php?rest_route=%2Fwp%2Fv2%2Fmedia&parent=204"}],"curies":[{"name":"wp","href":"https:\/\/api.w.org\/{rel}","templated":true}]}}