{"id":208,"date":"2013-08-13T15:43:26","date_gmt":"2013-08-13T13:43:26","guid":{"rendered":"http:\/\/kungalvsbilservice.se\/?page_id=208"},"modified":"2013-08-20T14:27:44","modified_gmt":"2013-08-20T12:27:44","slug":"hjultvatt","status":"publish","type":"page","link":"http:\/\/kungalvsbilservice.se\/?page_id=208","title":{"rendered":"Hjultv\u00e4tt"},"content":{"rendered":"<p><span style=\"color: #c0c0c0; font-size: medium;\"><strong><img loading=\"lazy\" decoding=\"async\" alt=\"hjultv\u00e4tt\" src=\"http:\/\/kungalvsbilservice.se\/wp-content\/uploads\/2013\/08\/hjtvt.png\" width=\"283\" height=\"50\" \/><\/strong><\/span><\/p>\n<p><span style=\"color: #ffffff; font-size: medium;\"><strong>Bromsdamm och v\u00e4gdamm samt v\u00e4gsalt fastnar ofta i otillg\u00e4ngliga vr\u00e5r i f\u00e4lgarna och f\u00f6rorsakar inte bara fula smutsfl\u00e4ckar, utan ofta \u00e4ven lackskador och korrosion.<br \/>\nL\u00e5t oss p\u00e5 D. Kung\u00e4lvs Bilservice f\u00f6rb\u00e4ttra ditt korrosionsskydd och hjulens utseende!<br \/>\nD. Kung\u00e4lvs bilservices milj\u00f6v\u00e4nliga och professionella hjultv\u00e4tt rekommenderas f\u00f6r b\u00e4sta s\u00e4kerhet och prestanda.<\/strong><\/span><\/p>\n<p><span style=\"color: #800000; font-size: medium;\"><strong>Pris: 100 kr<\/strong><\/span><\/p>\n","protected":false},"excerpt":{"rendered":"<p>Bromsdamm och v\u00e4gdamm samt v\u00e4gsalt fastnar ofta i otillg\u00e4ngliga vr\u00e5r i f\u00e4lgarna och f\u00f6rorsakar inte bara fula smutsfl\u00e4ckar, utan ofta \u00e4ven lackskador och korrosion. L\u00e5t oss p\u00e5 D. Kung\u00e4lvs Bilservice f\u00f6rb\u00e4ttra ditt korrosionsskydd och hjulens utseende! D. Kung\u00e4lvs bilservices milj\u00f6v\u00e4nliga &hellip; <a href=\"http:\/\/kungalvsbilservice.se\/?page_id=208\">Forts\u00e4tt l\u00e4sa <span class=\"meta-nav\">&rarr;<\/span><\/a><\/p>\n","protected":false},"author":1,"featured_media":0,"parent":4,"menu_order":3,"comment_status":"closed","ping_status":"closed","template":"","meta":{"footnotes":""},"class_list":["post-208","page","type-page","status-publish","hentry"],"_links":{"self":[{"href":"http:\/\/kungalvsbilservice.se\/index.php?rest_route=\/wp\/v2\/pages\/208","targetHints":{"allow":["GET"]}}],"collection":[{"href":"http:\/\/kungalvsbilservice.se\/index.php?rest_route=\/wp\/v2\/pages"}],"about":[{"href":"http:\/\/kungalvsbilservice.se\/index.php?rest_route=\/wp\/v2\/types\/page"}],"author":[{"embeddable":true,"href":"http:\/\/kungalvsbilservice.se\/index.php?rest_route=\/wp\/v2\/users\/1"}],"replies":[{"embeddable":true,"href":"http:\/\/kungalvsbilservice.se\/index.php?rest_route=%2Fwp%2Fv2%2Fcomments&post=208"}],"version-history":[{"count":13,"href":"http:\/\/kungalvsbilservice.se\/index.php?rest_route=\/wp\/v2\/pages\/208\/revisions"}],"predecessor-version":[{"id":710,"href":"http:\/\/kungalvsbilservice.se\/index.php?rest_route=\/wp\/v2\/pages\/208\/revisions\/710"}],"up":[{"embeddable":true,"href":"http:\/\/kungalvsbilservice.se\/index.php?rest_route=\/wp\/v2\/pages\/4"}],"wp:attachment":[{"href":"http:\/\/kungalvsbilservice.se\/index.php?rest_route=%2Fwp%2Fv2%2Fmedia&parent=208"}],"curies":[{"name":"wp","href":"https:\/\/api.w.org\/{rel}","templated":true}]}}