{"id":219,"date":"2013-08-13T16:37:19","date_gmt":"2013-08-13T14:37:19","guid":{"rendered":"http:\/\/kungalvsbilservice.se\/?page_id=219"},"modified":"2013-08-20T14:28:07","modified_gmt":"2013-08-20T12:28:07","slug":"forsaljning-av-dack","status":"publish","type":"page","link":"http:\/\/kungalvsbilservice.se\/?page_id=219","title":{"rendered":"F\u00f6rs\u00e4ljning av d\u00e4ck"},"content":{"rendered":"<p><span style=\"font-size: medium;\"><img loading=\"lazy\" decoding=\"async\" alt=\"f\u00f6rs\u00e4ljning av d\u00e4ck\" src=\"http:\/\/kungalvsbilservice.se\/wp-content\/uploads\/2013\/08\/forsdack.png\" width=\"283\" height=\"50\" \/><\/span><\/p>\n<p><span style=\"color: #ffffff; font-size: medium;\"><strong>Vi har alltid ett brett utbud av kvalitetsprodukter till konkurrenskraftiga priser fr\u00e5n k\u00e4nda leverant\u00f6rer, som vi periodvis kombinerar med \u201dvassa\u201d kampanjerbjudanden. Vi har kanske n\u00e5got f\u00f6r just ditt behov \u2013 men t\u00e4nk p\u00e5 att attraktiva kampanjprodukter snabbt kan ta slut s\u00e5 det g\u00e4ller att inte v\u00e4nta f\u00f6r l\u00e4nge.<\/strong><\/span><\/p>\n","protected":false},"excerpt":{"rendered":"<p>Vi har alltid ett brett utbud av kvalitetsprodukter till konkurrenskraftiga priser fr\u00e5n k\u00e4nda leverant\u00f6rer, som vi periodvis kombinerar med \u201dvassa\u201d kampanjerbjudanden. Vi har kanske n\u00e5got f\u00f6r just ditt behov \u2013 men t\u00e4nk p\u00e5 att attraktiva kampanjprodukter snabbt kan ta slut &hellip; <a href=\"http:\/\/kungalvsbilservice.se\/?page_id=219\">Forts\u00e4tt l\u00e4sa <span class=\"meta-nav\">&rarr;<\/span><\/a><\/p>\n","protected":false},"author":1,"featured_media":0,"parent":4,"menu_order":4,"comment_status":"closed","ping_status":"closed","template":"","meta":{"footnotes":""},"class_list":["post-219","page","type-page","status-publish","hentry"],"_links":{"self":[{"href":"http:\/\/kungalvsbilservice.se\/index.php?rest_route=\/wp\/v2\/pages\/219","targetHints":{"allow":["GET"]}}],"collection":[{"href":"http:\/\/kungalvsbilservice.se\/index.php?rest_route=\/wp\/v2\/pages"}],"about":[{"href":"http:\/\/kungalvsbilservice.se\/index.php?rest_route=\/wp\/v2\/types\/page"}],"author":[{"embeddable":true,"href":"http:\/\/kungalvsbilservice.se\/index.php?rest_route=\/wp\/v2\/users\/1"}],"replies":[{"embeddable":true,"href":"http:\/\/kungalvsbilservice.se\/index.php?rest_route=%2Fwp%2Fv2%2Fcomments&post=219"}],"version-history":[{"count":8,"href":"http:\/\/kungalvsbilservice.se\/index.php?rest_route=\/wp\/v2\/pages\/219\/revisions"}],"predecessor-version":[{"id":711,"href":"http:\/\/kungalvsbilservice.se\/index.php?rest_route=\/wp\/v2\/pages\/219\/revisions\/711"}],"up":[{"embeddable":true,"href":"http:\/\/kungalvsbilservice.se\/index.php?rest_route=\/wp\/v2\/pages\/4"}],"wp:attachment":[{"href":"http:\/\/kungalvsbilservice.se\/index.php?rest_route=%2Fwp%2Fv2%2Fmedia&parent=219"}],"curies":[{"name":"wp","href":"https:\/\/api.w.org\/{rel}","templated":true}]}}