{"id":4,"date":"2013-07-25T12:57:58","date_gmt":"2013-07-25T10:57:58","guid":{"rendered":"http:\/\/kungalvsbilservice.se\/?page_id=4"},"modified":"2013-08-20T14:26:17","modified_gmt":"2013-08-20T12:26:17","slug":"2-2","status":"publish","type":"page","link":"http:\/\/kungalvsbilservice.se\/?page_id=4","title":{"rendered":"D\u00e4ckservice"},"content":{"rendered":"<p><span style=\"font-size: medium;\"><img loading=\"lazy\" decoding=\"async\" alt=\"d\u00e4ckservice\" src=\"http:\/\/kungalvsbilservice.se\/wp-content\/uploads\/2013\/08\/dacksrv.png\" width=\"283\" height=\"50\" \/><\/span><\/p>\n<p><span style=\"color: #ffffff; font-size: medium;\"><strong>V\u00e5ra erfarna servicemont\u00f6rer garanterar dig snabb och s\u00e4ker service. Vi har moderna maskiner som klarar alla typer av d\u00e4ck utan att skada dina f\u00e4lgar. Vi byter alltid gummiventil vid d\u00e4ckbyte och balanserar med milj\u00f6v\u00e4nliga vikter. Vi tar ocks\u00e5 ansvar f\u00f6r dina gamla d\u00e4ck, f\u00e4lgar och vikter och ser till att de skickas till \u00e5tervinning.<\/strong><\/span><\/p>\n<p><span style=\"font-size: medium;\"><strong>\u00a0<\/strong><\/span><\/p>\n","protected":false},"excerpt":{"rendered":"<p>V\u00e5ra erfarna servicemont\u00f6rer garanterar dig snabb och s\u00e4ker service. Vi har moderna maskiner som klarar alla typer av d\u00e4ck utan att skada dina f\u00e4lgar. Vi byter alltid gummiventil vid d\u00e4ckbyte och balanserar med milj\u00f6v\u00e4nliga vikter. Vi tar ocks\u00e5 ansvar f\u00f6r &hellip; <a href=\"http:\/\/kungalvsbilservice.se\/?page_id=4\">Forts\u00e4tt l\u00e4sa <span class=\"meta-nav\">&rarr;<\/span><\/a><\/p>\n","protected":false},"author":1,"featured_media":0,"parent":0,"menu_order":3,"comment_status":"closed","ping_status":"closed","template":"","meta":{"footnotes":""},"class_list":["post-4","page","type-page","status-publish","hentry"],"_links":{"self":[{"href":"http:\/\/kungalvsbilservice.se\/index.php?rest_route=\/wp\/v2\/pages\/4","targetHints":{"allow":["GET"]}}],"collection":[{"href":"http:\/\/kungalvsbilservice.se\/index.php?rest_route=\/wp\/v2\/pages"}],"about":[{"href":"http:\/\/kungalvsbilservice.se\/index.php?rest_route=\/wp\/v2\/types\/page"}],"author":[{"embeddable":true,"href":"http:\/\/kungalvsbilservice.se\/index.php?rest_route=\/wp\/v2\/users\/1"}],"replies":[{"embeddable":true,"href":"http:\/\/kungalvsbilservice.se\/index.php?rest_route=%2Fwp%2Fv2%2Fcomments&post=4"}],"version-history":[{"count":17,"href":"http:\/\/kungalvsbilservice.se\/index.php?rest_route=\/wp\/v2\/pages\/4\/revisions"}],"predecessor-version":[{"id":706,"href":"http:\/\/kungalvsbilservice.se\/index.php?rest_route=\/wp\/v2\/pages\/4\/revisions\/706"}],"wp:attachment":[{"href":"http:\/\/kungalvsbilservice.se\/index.php?rest_route=%2Fwp%2Fv2%2Fmedia&parent=4"}],"curies":[{"name":"wp","href":"https:\/\/api.w.org\/{rel}","templated":true}]}}