{"id":7,"date":"2013-07-25T12:58:23","date_gmt":"2013-07-25T10:58:23","guid":{"rendered":"http:\/\/kungalvsbilservice.se\/?page_id=7"},"modified":"2013-08-20T14:26:00","modified_gmt":"2013-08-20T12:26:00","slug":"4-2","status":"publish","type":"page","link":"http:\/\/kungalvsbilservice.se\/?page_id=7","title":{"rendered":"Service"},"content":{"rendered":"<p><span style=\"color: #c0c0c0; font-size: medium;\"><strong><img loading=\"lazy\" decoding=\"async\" alt=\"service\" src=\"http:\/\/kungalvsbilservice.se\/wp-content\/uploads\/2013\/08\/srv.png\" width=\"283\" height=\"50\" \/><\/strong><\/span><\/p>\n<p><span style=\"color: #ffffff; font-size: medium;\"><strong>En bil beh\u00f6ver regelbunden service, precis som andra maskiner. Komponenter slits ut och g\u00e5r s\u00f6nder, olika \u00e5rstider kr\u00e4ver s\u00e4songkontroller och bilen ska servas regelbundet enligt serviceboken f\u00f6r att f\u00f6rebygga fel. Vi hj\u00e4lper dig med mindre servicebehov men vi tar \u00e4ven hand om din bil n\u00e4r det \u00e4r dags f\u00f6r fullst\u00e4ndig service.<\/strong><\/span><\/p>\n<p><span style=\"color: #ffffff; font-size: medium;\"><strong>Beh\u00f6ver din bil servas? l\u00e5t d\u00e5 oss ta hand om din bil f\u00f6r br\u00e5kdelen av priset som ett bilf\u00f6retag skulle ta ut men med bibeh\u00e5llen kvalit\u00e9.<\/strong><\/span><\/p>\n<p><span style=\"color: #800000; font-size: medium;\"><strong>Pris f\u00f6r byte av olja och oljefilter: 300 kr exkl olja och oljefilter<\/strong><\/span><\/p>\n<p><span style=\"color: #800000; font-size: medium;\"><strong>Pris f\u00f6r fullst\u00e4ndig service: Kom in och f\u00e5 en offert.<\/strong><\/span><\/p>\n","protected":false},"excerpt":{"rendered":"<p>En bil beh\u00f6ver regelbunden service, precis som andra maskiner. Komponenter slits ut och g\u00e5r s\u00f6nder, olika \u00e5rstider kr\u00e4ver s\u00e4songkontroller och bilen ska servas regelbundet enligt serviceboken f\u00f6r att f\u00f6rebygga fel. Vi hj\u00e4lper dig med mindre servicebehov men vi tar \u00e4ven &hellip; <a href=\"http:\/\/kungalvsbilservice.se\/?page_id=7\">Forts\u00e4tt l\u00e4sa <span class=\"meta-nav\">&rarr;<\/span><\/a><\/p>\n","protected":false},"author":1,"featured_media":0,"parent":0,"menu_order":2,"comment_status":"closed","ping_status":"closed","template":"","meta":{"footnotes":""},"class_list":["post-7","page","type-page","status-publish","hentry"],"_links":{"self":[{"href":"http:\/\/kungalvsbilservice.se\/index.php?rest_route=\/wp\/v2\/pages\/7","targetHints":{"allow":["GET"]}}],"collection":[{"href":"http:\/\/kungalvsbilservice.se\/index.php?rest_route=\/wp\/v2\/pages"}],"about":[{"href":"http:\/\/kungalvsbilservice.se\/index.php?rest_route=\/wp\/v2\/types\/page"}],"author":[{"embeddable":true,"href":"http:\/\/kungalvsbilservice.se\/index.php?rest_route=\/wp\/v2\/users\/1"}],"replies":[{"embeddable":true,"href":"http:\/\/kungalvsbilservice.se\/index.php?rest_route=%2Fwp%2Fv2%2Fcomments&post=7"}],"version-history":[{"count":22,"href":"http:\/\/kungalvsbilservice.se\/index.php?rest_route=\/wp\/v2\/pages\/7\/revisions"}],"predecessor-version":[{"id":705,"href":"http:\/\/kungalvsbilservice.se\/index.php?rest_route=\/wp\/v2\/pages\/7\/revisions\/705"}],"wp:attachment":[{"href":"http:\/\/kungalvsbilservice.se\/index.php?rest_route=%2Fwp%2Fv2%2Fmedia&parent=7"}],"curies":[{"name":"wp","href":"https:\/\/api.w.org\/{rel}","templated":true}]}}