{"id":8,"date":"2013-07-25T12:58:35","date_gmt":"2013-07-25T10:58:35","guid":{"rendered":"http:\/\/kungalvsbilservice.se\/?page_id=8"},"modified":"2015-04-16T10:41:35","modified_gmt":"2015-04-16T08:41:35","slug":"5-2","status":"publish","type":"page","link":"http:\/\/kungalvsbilservice.se\/?page_id=8","title":{"rendered":"Erbjudanden"},"content":{"rendered":"<table style=\"width: 750px;\" border=\"0\">\n<tbody>\n<tr>\n<td align=\"right\" valign=\"top\"><img loading=\"lazy\" decoding=\"async\" alt=\"\" src=\"http:\/\/kungalvsbilservice.se\/wp-content\/uploads\/2013\/08\/erbjred.png\" width=\"310\" height=\"50\" \/><\/td>\n<td align=\"left\" valign=\"top\"><img loading=\"lazy\" decoding=\"async\" alt=\"\" src=\"http:\/\/kungalvsbilservice.se\/wp-content\/uploads\/2013\/08\/minired.png\" width=\"310\" height=\"50\" \/><\/td>\n<td><\/td>\n<\/tr>\n<tr>\n<td align=\"left\" valign=\"middle\">\u00a0<img loading=\"lazy\" decoding=\"async\" alt=\"\" src=\"http:\/\/kungalvsbilservice.se\/wp-content\/uploads\/2015\/04\/rabatt.jpg\" width=\"300\" height=\"193\" \/><\/td>\n<td style=\"text-align: left;\" align=\"right\" valign=\"middle\"><span style=\"color: #800000;\"><span style=\"color: #800000;\"><strong>Just nu 1000:- (ordinarie pris 1300:-)<\/strong><\/span><\/span><\/p>\n<p><span style=\"color: #ffffff;\">Vid val av Minirekond Extra blir bilens inv\u00e4ndiga milj\u00f6 en h\u00e4lsosam och trivsam plats att vistas i. Detta \u00e4r m\u00f6jligt d\u00e5 vi anv\u00e4nder oss av \u00e5nga och andra naturliga arbetsmetoder som eliminerar bakterier och andra o\u00f6nskade partiklar som kan framkalla allergi etc.<\/span><\/td>\n<td><\/td>\n<\/tr>\n<\/tbody>\n<\/table>\n","protected":false},"excerpt":{"rendered":"<p>\u00a0 Just nu 1000:- (ordinarie pris 1300:-) Vid val av Minirekond Extra blir bilens inv\u00e4ndiga milj\u00f6 en h\u00e4lsosam och trivsam plats att vistas i. Detta \u00e4r m\u00f6jligt d\u00e5 vi anv\u00e4nder oss av \u00e5nga och andra naturliga arbetsmetoder som eliminerar bakterier &hellip; <a href=\"http:\/\/kungalvsbilservice.se\/?page_id=8\">Forts\u00e4tt l\u00e4sa <span class=\"meta-nav\">&rarr;<\/span><\/a><\/p>\n","protected":false},"author":1,"featured_media":0,"parent":0,"menu_order":4,"comment_status":"closed","ping_status":"closed","template":"","meta":{"footnotes":""},"class_list":["post-8","page","type-page","status-publish","hentry"],"_links":{"self":[{"href":"http:\/\/kungalvsbilservice.se\/index.php?rest_route=\/wp\/v2\/pages\/8","targetHints":{"allow":["GET"]}}],"collection":[{"href":"http:\/\/kungalvsbilservice.se\/index.php?rest_route=\/wp\/v2\/pages"}],"about":[{"href":"http:\/\/kungalvsbilservice.se\/index.php?rest_route=\/wp\/v2\/types\/page"}],"author":[{"embeddable":true,"href":"http:\/\/kungalvsbilservice.se\/index.php?rest_route=\/wp\/v2\/users\/1"}],"replies":[{"embeddable":true,"href":"http:\/\/kungalvsbilservice.se\/index.php?rest_route=%2Fwp%2Fv2%2Fcomments&post=8"}],"version-history":[{"count":31,"href":"http:\/\/kungalvsbilservice.se\/index.php?rest_route=\/wp\/v2\/pages\/8\/revisions"}],"predecessor-version":[{"id":761,"href":"http:\/\/kungalvsbilservice.se\/index.php?rest_route=\/wp\/v2\/pages\/8\/revisions\/761"}],"wp:attachment":[{"href":"http:\/\/kungalvsbilservice.se\/index.php?rest_route=%2Fwp%2Fv2%2Fmedia&parent=8"}],"curies":[{"name":"wp","href":"https:\/\/api.w.org\/{rel}","templated":true}]}}