{"id":9,"date":"2013-07-25T12:58:45","date_gmt":"2013-07-25T10:58:45","guid":{"rendered":"http:\/\/kungalvsbilservice.se\/?page_id=9"},"modified":"2015-04-16T10:00:55","modified_gmt":"2015-04-16T08:00:55","slug":"6-2","status":"publish","type":"page","link":"http:\/\/kungalvsbilservice.se\/?page_id=9","title":{"rendered":"Boka direkt"},"content":{"rendered":"<form accept-charset=\"ISO-8859-1\" action=\"\/cgi-bin\/FormMail.pl\" method=\"post\"><span style=\"font-size: medium; color: #ffffff;\"><strong><input type=\"hidden\" name=\"recipient\" value=\"haddooo@hotmail.se\" \/><img loading=\"lazy\" decoding=\"async\" alt=\"boka direkt\" src=\"http:\/\/kungalvsbilservice.se\/wp-content\/uploads\/2013\/08\/boka.png\" width=\"283\" height=\"50\" \/><\/strong><\/span><br \/>\n<span style=\"font-size: medium; color: #ffffff;\"> <strong> <input type=\"hidden\" name=\"subject\" value=\"Tidsbokning via hemsidan\" \/><\/strong><\/span><br \/>\n<span style=\"font-size: medium; color: #ffffff;\"><strong>V\u00e4lj tid f\u00f6r service:<\/strong><\/span><select name=\"Dag\"><option disabled=\"disabled\" selected=\"selected\">Dag<\/option><option value=\"01\">01<\/option><option value=\"02\">02<\/option><option value=\"03\">03<\/option><option value=\"04\">04<\/option><option value=\"05\">05<\/option><option value=\"06\">06<\/option><option value=\"07\">07<\/option><option value=\"08\">08<\/option><option value=\"09\">09<\/option><option value=\"10\">10<\/option><option value=\"11\">11<\/option><option value=\"12\">12<\/option><option value=\"13\">13<\/option><option value=\"14\">14<\/option><option value=\"15\">15<\/option><option value=\"16\">16<\/option><option value=\"17\">17<\/option><option value=\"18\">18<\/option><option value=\"19\">19<\/option><option value=\"20\">20<\/option><option value=\"21\">21<\/option><option value=\"22\">22<\/option><option value=\"23\">23<\/option><option value=\"24\">24<\/option><option value=\"25\">25<\/option><option value=\"26\">26<\/option><option value=\"27\">27<\/option><option value=\"28\">28<\/option><option value=\"29\">29<\/option><option value=\"30\">30<\/option><option value=\"31\">31<\/option><\/select><select name=\"M\u00e5nad\"><option disabled=\"disabled\" selected=\"selected\">M\u00e5nad<\/option><option value=\"Januari\">Januari<\/option><option value=\"Februari\">Februari<\/option><option value=\"Mars\">Mars<\/option><option value=\"April\">April<\/option><option value=\"Maj\">Maj<\/option><option value=\"Juni\">Juni<\/option><option value=\"Juli\">Juli<\/option><option value=\"Augusti\">Augusti<\/option><option value=\"September\">September<\/option><option value=\"Oktober\">Oktober<\/option><option value=\"November\">November<\/option><option value=\"December\">December<\/option><\/select><select name=\"\u00c5r\"><option disabled=\"disabled\" selected=\"selected\">\u00c5r<\/option><option value=\"2013\">2013<\/option><option value=\"2014\">2014<\/option><option value=\"2015\">2015<\/option><option value=\"2016\">2016<\/option><option value=\"2017\">2017<\/option><option value=\"2018\">2018<\/option><option value=\"2019\">2019<\/option><option value=\"2020\">2020<\/option><option value=\"2021\">2021<\/option><option value=\"2022\">2022<\/option><option value=\"2023\">2023<\/option><option value=\"2024\">2024<\/option><option value=\"2025\">2025<\/option><option value=\"2026\">2026<\/option><option value=\"2027\">2027<\/option><option value=\"2028\">2028<\/option><option value=\"2029\">2029<\/option><option value=\"2030\">2030<\/option><\/select><span style=\"font-size: medium; color: #ffffff;\"><strong>Tid:<\/strong><\/span><span style=\"font-size: medium; color: #ffffff;\"> <strong> <input type=\"text\" name=\"Tid\" size=\"6\" value=\"15:00\" \/><\/strong><\/span><\/p>\n<p><span style=\"font-size: medium; color: #ffffff;\"><strong>V\u00e4lj tj\u00e4nst:<\/strong><\/span><select name=\"Tj\u00e4nst\"><option value=\"Snabb tv\u00e4tt\">Snabb tv\u00e4tt<\/option><option value=\"Utv\u00e4ndig handtv\u00e4tt\">Utv\u00e4ndig handtv\u00e4tt<\/option><option value=\"Silver\">Silver<\/option><option value=\"Supertv\u00e4tt \">Supertv\u00e4tt<\/option><option value=\"Supertv\u00e4tt EXTRA\">Supertv\u00e4tt EXTRA<\/option><option value=\"Mini Rekond\">Mini Rekond<\/option><option value=\"Minirekond EXTRA\">Minirekond EXTRA<\/option><option value=\"Motortv\u00e4tt \">Motortv\u00e4tt<\/option><option value=\"Asfaltborttagning\">Asfaltborttagning<\/option><option value=\"Vaxning och Supertv\u00e4tt\">Vaxning och Supertv\u00e4tt<\/option><option value=\"Helrekond\">Helrekond<\/option><option value=\"Lackskydd\">Lackskydd<\/option><option value=\"Helrekond och lackskydd\">Helrekond och lackskydd<\/option><option value=\"Tv\u00e4tt, rekond, polering, lackskydd p\u00e5 b\u00e5t, husvagn och MC\">Tv\u00e4tt, rekond, polering, lackskydd p\u00e5 b\u00e5t, husvagn och MC<\/option><option value=\"Skinnbehandling\">Skinnbehandling<\/option><option value=\"Kemtv\u00e4tt s\u00e4ten + golv + tak\">Kemtv\u00e4tt s\u00e4ten + golv + tak<\/option><option value=\"Kemtv\u00e4tt s\u00e4ten + golv\">Kemtv\u00e4tt s\u00e4ten + golv<\/option><option value=\"Kemtv\u00e4tt s\u00e4ten\">Kemtv\u00e4tt s\u00e4ten<\/option><option value=\"Kemtv\u00e4tt golv\">Kemtv\u00e4tt golv<\/option><option value=\"Kemtv\u00e4tt tak\">Kemtv\u00e4tt tak<\/option><option value=\"Ventilationssanering\">Ventilationssanering<\/option><option value=\"D\u00e4ckbyte\">D\u00e4ckbyte<\/option><option value=\"Balansering och kr\u00e4ngning\">Balansering och kr\u00e4ngning<\/option><option value=\"D\u00e4ckhotell\">D\u00e4ckhotell<\/option><option value=\"Hjultv\u00e4tt\">Hjultv\u00e4tt<\/option><\/select><span style=\"font-size: medium; color: #ffffff;\"><strong>F\u00f6rnamn:<input type=\"text\" name=\"F\u00f6rnamn\" \/><\/strong><\/span><\/p>\n<p><span style=\"font-size: medium; color: #ffffff;\"><strong>Efternamn:<input type=\"text\" name=\"Efternamn\" \/><\/strong><\/span><\/p>\n<p><span style=\"font-size: medium; color: #ffffff;\"><strong>E-post:<input type=\"text\" name=\"email\" \/><\/strong><\/span><\/p>\n<p><span style=\"font-size: medium; color: #ffffff;\"><strong>Telefon:<input type=\"text\" name=\"Telefon\" \/><\/strong><\/span><\/p>\n<p><span style=\"font-size: medium; color: #ffffff;\"><strong>Registreringsnummer:<input type=\"text\" name=\"Registreringsnummer\" \/><\/strong><\/span><\/p>\n<p><span style=\"font-size: medium; color: #ffffff;\"><strong>S\u00e4rskilda \u00f6nskem\u00e5l:<\/strong><\/span><br \/>\n<span style=\"font-size: medium; color: #ffffff;\"> <strong> <textarea cols=\"70\" name=\"S\u00e4rskilda_\u00f6nskem\u00e5l\" rows=\"4\"><\/textarea><\/strong><\/span><\/p>\n<p><span style=\"font-size: medium; color: #ffffff;\"><input type=\"submit\" value=\"Skicka\" \/><\/span><\/p>\n<\/form>\n","protected":false},"excerpt":{"rendered":"<p>V\u00e4lj tid f\u00f6r service:Dag01020304050607080910111213141516171819202122232425262728293031M\u00e5nadJanuariFebruariMarsAprilMajJuniJuliAugustiSeptemberOktoberNovemberDecember\u00c5r201320142015201620172018201920202021202220232024202520262027202820292030Tid: V\u00e4lj tj\u00e4nst:Snabb tv\u00e4ttUtv\u00e4ndig handtv\u00e4ttSilverSupertv\u00e4ttSupertv\u00e4tt EXTRAMini RekondMinirekond EXTRAMotortv\u00e4ttAsfaltborttagningVaxning och Supertv\u00e4ttHelrekondLackskyddHelrekond och lackskyddTv\u00e4tt, rekond, polering, lackskydd p\u00e5 b\u00e5t, husvagn och MCSkinnbehandlingKemtv\u00e4tt s\u00e4ten + golv + takKemtv\u00e4tt s\u00e4ten + golvKemtv\u00e4tt s\u00e4tenKemtv\u00e4tt golvKemtv\u00e4tt takVentilationssaneringD\u00e4ckbyteBalansering och kr\u00e4ngningD\u00e4ckhotellHjultv\u00e4ttF\u00f6rnamn: Efternamn: E-post: Telefon: Registreringsnummer: &hellip; <a href=\"http:\/\/kungalvsbilservice.se\/?page_id=9\">Forts\u00e4tt l\u00e4sa <span class=\"meta-nav\">&rarr;<\/span><\/a><\/p>\n","protected":false},"author":1,"featured_media":0,"parent":0,"menu_order":5,"comment_status":"closed","ping_status":"closed","template":"","meta":{"footnotes":""},"class_list":["post-9","page","type-page","status-publish","hentry"],"_links":{"self":[{"href":"http:\/\/kungalvsbilservice.se\/index.php?rest_route=\/wp\/v2\/pages\/9","targetHints":{"allow":["GET"]}}],"collection":[{"href":"http:\/\/kungalvsbilservice.se\/index.php?rest_route=\/wp\/v2\/pages"}],"about":[{"href":"http:\/\/kungalvsbilservice.se\/index.php?rest_route=\/wp\/v2\/types\/page"}],"author":[{"embeddable":true,"href":"http:\/\/kungalvsbilservice.se\/index.php?rest_route=\/wp\/v2\/users\/1"}],"replies":[{"embeddable":true,"href":"http:\/\/kungalvsbilservice.se\/index.php?rest_route=%2Fwp%2Fv2%2Fcomments&post=9"}],"version-history":[{"count":29,"href":"http:\/\/kungalvsbilservice.se\/index.php?rest_route=\/wp\/v2\/pages\/9\/revisions"}],"predecessor-version":[{"id":759,"href":"http:\/\/kungalvsbilservice.se\/index.php?rest_route=\/wp\/v2\/pages\/9\/revisions\/759"}],"wp:attachment":[{"href":"http:\/\/kungalvsbilservice.se\/index.php?rest_route=%2Fwp%2Fv2%2Fmedia&parent=9"}],"curies":[{"name":"wp","href":"https:\/\/api.w.org\/{rel}","templated":true}]}}