{"id":95,"date":"2013-08-13T14:58:31","date_gmt":"2013-08-13T12:58:31","guid":{"rendered":"http:\/\/kungalvsbilservice.se\/?page_id=95"},"modified":"2013-08-20T14:18:22","modified_gmt":"2013-08-20T12:18:22","slug":"snabb-tvatt","status":"publish","type":"page","link":"http:\/\/kungalvsbilservice.se\/?page_id=95","title":{"rendered":"Snabb tv\u00e4tt"},"content":{"rendered":"<p><span style=\"font-size: medium;\"><strong><span style=\"color: #c0c0c0;\"><img loading=\"lazy\" decoding=\"async\" alt=\"snabb tv\u00e4tt\" src=\"http:\/\/kungalvsbilservice.se\/wp-content\/uploads\/2013\/08\/sntv.png\" width=\"283\" height=\"50\" \/><\/span><\/strong><\/span><\/p>\n<p><span style=\"font-size: medium;\"><strong><span style=\"color: #ffffff;\">Avfettning och kallavfettning<br \/>\nSchampo och handtv\u00e4tt<br \/>\nEnkel torkning<\/span><\/strong><\/span><\/p>\n<p><span style=\"font-size: medium;\"><strong><span style=\"color: #800000;\">PRIS 150 kr<\/span><\/strong><\/span><\/p>\n<p><span style=\"font-size: medium;\"><strong><span style=\"color: #ffffff;\">Kallavfettning l\u00f6ser snabbt och effektivt upp asfaltsst\u00e4nk, tj\u00e4rprickar, dubbsmuts samt v\u00e4gsalt. Den l\u00f6ser \u00e4ven effektivt upp fett och ingrodd olja.<\/span><\/strong><\/span><\/p>\n<p><span style=\"font-size: medium;\"><strong><span style=\"color: #c0c0c0;\"><!--[if gte mso 9]><xml>\n<w:WordDocument>\n<w:View>Normal<\/w:View>\n<w:Zoom>0<\/w:Zoom>\n<w:HyphenationZone>21<\/w:HyphenationZone>\n<w:PunctuationKerning\/>\n<w:ValidateAgainstSchemas\/>\n<w:SaveIfXMLInvalid>false<\/w:SaveIfXMLInvalid>\n<w:IgnoreMixedContent>false<\/w:IgnoreMixedContent>\n<w:AlwaysShowPlaceholderText>false<\/w:AlwaysShowPlaceholderText>\n<w:Compatibility>\n<w:BreakWrappedTables\/>\n<w:SnapToGridInCell\/>\n<w:WrapTextWithPunct\/>\n<w:UseAsianBreakRules\/>\n<w:DontGrowAutofit\/>\n<\/w:Compatibility>\n<w:BrowserLevel>MicrosoftInternetExplorer4<\/w:BrowserLevel>\n<\/w:WordDocument>\n<\/xml><![endif]--><\/span><\/strong><\/span><\/p>\n","protected":false},"excerpt":{"rendered":"<p>Avfettning och kallavfettning Schampo och handtv\u00e4tt Enkel torkning PRIS 150 kr Kallavfettning l\u00f6ser snabbt och effektivt upp asfaltsst\u00e4nk, tj\u00e4rprickar, dubbsmuts samt v\u00e4gsalt. Den l\u00f6ser \u00e4ven effektivt upp fett och ingrodd olja.<\/p>\n","protected":false},"author":1,"featured_media":0,"parent":6,"menu_order":0,"comment_status":"closed","ping_status":"closed","template":"","meta":{"footnotes":""},"class_list":["post-95","page","type-page","status-publish","hentry"],"_links":{"self":[{"href":"http:\/\/kungalvsbilservice.se\/index.php?rest_route=\/wp\/v2\/pages\/95","targetHints":{"allow":["GET"]}}],"collection":[{"href":"http:\/\/kungalvsbilservice.se\/index.php?rest_route=\/wp\/v2\/pages"}],"about":[{"href":"http:\/\/kungalvsbilservice.se\/index.php?rest_route=\/wp\/v2\/types\/page"}],"author":[{"embeddable":true,"href":"http:\/\/kungalvsbilservice.se\/index.php?rest_route=\/wp\/v2\/users\/1"}],"replies":[{"embeddable":true,"href":"http:\/\/kungalvsbilservice.se\/index.php?rest_route=%2Fwp%2Fv2%2Fcomments&post=95"}],"version-history":[{"count":33,"href":"http:\/\/kungalvsbilservice.se\/index.php?rest_route=\/wp\/v2\/pages\/95\/revisions"}],"predecessor-version":[{"id":225,"href":"http:\/\/kungalvsbilservice.se\/index.php?rest_route=\/wp\/v2\/pages\/95\/revisions\/225"}],"up":[{"embeddable":true,"href":"http:\/\/kungalvsbilservice.se\/index.php?rest_route=\/wp\/v2\/pages\/6"}],"wp:attachment":[{"href":"http:\/\/kungalvsbilservice.se\/index.php?rest_route=%2Fwp%2Fv2%2Fmedia&parent=95"}],"curies":[{"name":"wp","href":"https:\/\/api.w.org\/{rel}","templated":true}]}}