{"id":99,"date":"2013-08-13T15:00:13","date_gmt":"2013-08-13T13:00:13","guid":{"rendered":"http:\/\/kungalvsbilservice.se\/?page_id=99"},"modified":"2013-08-20T14:18:59","modified_gmt":"2013-08-20T12:18:59","slug":"utvandig-handtvatt","status":"publish","type":"page","link":"http:\/\/kungalvsbilservice.se\/?page_id=99","title":{"rendered":"Utv\u00e4ndig handtv\u00e4tt"},"content":{"rendered":"<p><span style=\"font-size: medium;\"><img loading=\"lazy\" decoding=\"async\" alt=\"utv\u00e4ndig handtv\u00e4tt\" src=\"http:\/\/kungalvsbilservice.se\/wp-content\/uploads\/2013\/08\/utvh.png\" width=\"283\" height=\"50\" \/><\/span><\/p>\n<p><span style=\"color: #ffffff; font-size: medium;\"><strong>Utv\u00e4ndig handtv\u00e4tt<\/strong><\/span><br \/>\n<span style=\"color: #ffffff; font-size: medium;\"> <strong>Avfettning och kallavfettning<\/strong><\/span><br \/>\n<span style=\"color: #ffffff; font-size: medium;\"> <strong>Reng\u00f6ring av melland\u00f6rrkanterna<\/strong><\/span><br \/>\n<span style=\"color: #ffffff; font-size: medium;\"> <strong>Schamponering och torkning<\/strong><\/span><br \/>\n<span style=\"color: #ffffff; font-size: medium;\"> <strong>F\u00e4lgtv\u00e4tt<\/strong><\/span><\/p>\n<p><span style=\"color: #800000; font-size: medium;\"><strong>PRIS 180 kr<\/strong><\/span><\/p>\n","protected":false},"excerpt":{"rendered":"<p>Utv\u00e4ndig handtv\u00e4tt Avfettning och kallavfettning Reng\u00f6ring av melland\u00f6rrkanterna Schamponering och torkning F\u00e4lgtv\u00e4tt PRIS 180 kr<\/p>\n","protected":false},"author":1,"featured_media":0,"parent":6,"menu_order":1,"comment_status":"closed","ping_status":"closed","template":"","meta":{"footnotes":""},"class_list":["post-99","page","type-page","status-publish","hentry"],"_links":{"self":[{"href":"http:\/\/kungalvsbilservice.se\/index.php?rest_route=\/wp\/v2\/pages\/99","targetHints":{"allow":["GET"]}}],"collection":[{"href":"http:\/\/kungalvsbilservice.se\/index.php?rest_route=\/wp\/v2\/pages"}],"about":[{"href":"http:\/\/kungalvsbilservice.se\/index.php?rest_route=\/wp\/v2\/types\/page"}],"author":[{"embeddable":true,"href":"http:\/\/kungalvsbilservice.se\/index.php?rest_route=\/wp\/v2\/users\/1"}],"replies":[{"embeddable":true,"href":"http:\/\/kungalvsbilservice.se\/index.php?rest_route=%2Fwp%2Fv2%2Fcomments&post=99"}],"version-history":[{"count":17,"href":"http:\/\/kungalvsbilservice.se\/index.php?rest_route=\/wp\/v2\/pages\/99\/revisions"}],"predecessor-version":[{"id":716,"href":"http:\/\/kungalvsbilservice.se\/index.php?rest_route=\/wp\/v2\/pages\/99\/revisions\/716"}],"up":[{"embeddable":true,"href":"http:\/\/kungalvsbilservice.se\/index.php?rest_route=\/wp\/v2\/pages\/6"}],"wp:attachment":[{"href":"http:\/\/kungalvsbilservice.se\/index.php?rest_route=%2Fwp%2Fv2%2Fmedia&parent=99"}],"curies":[{"name":"wp","href":"https:\/\/api.w.org\/{rel}","templated":true}]}}